{"id":1243,"date":"2026-04-10T13:27:15","date_gmt":"2026-04-10T13:27:15","guid":{"rendered":"https:\/\/viagenstaipas.com\/?post_type=product&#038;p=1243"},"modified":"2026-04-10T15:05:28","modified_gmt":"2026-04-10T15:05:28","slug":"concerto-ensaios-da-anitta-copia","status":"publish","type":"product","link":"https:\/\/viagenstaipas.com\/?product=concerto-ensaios-da-anitta-copia","title":{"rendered":"Concerto THE WEEKND"},"content":{"rendered":"<p><img loading=\"lazy\" decoding=\"async\" class=\"alignnone size-medium wp-image-1079\" src=\"https:\/\/viagenstaipas.com\/wp-content\/uploads\/2026\/02\/general-brianziff-theweeknd-800-1-with-beauty-scaled-1-259x300.jpg\" alt=\"\" width=\"259\" height=\"300\" srcset=\"https:\/\/viagenstaipas.com\/wp-content\/uploads\/2026\/02\/general-brianziff-theweeknd-800-1-with-beauty-scaled-1-259x300.jpg 259w, https:\/\/viagenstaipas.com\/wp-content\/uploads\/2026\/02\/general-brianziff-theweeknd-800-1-with-beauty-scaled-1-885x1024.jpg 885w, https:\/\/viagenstaipas.com\/wp-content\/uploads\/2026\/02\/general-brianziff-theweeknd-800-1-with-beauty-scaled-1-768x889.jpg 768w, https:\/\/viagenstaipas.com\/wp-content\/uploads\/2026\/02\/general-brianziff-theweeknd-800-1-with-beauty-scaled-1.jpg 940w\" sizes=\"auto, (max-width: 259px) 100vw, 259px\" \/><\/p>\n<p>Temos a solu\u00e7\u00e3o para n\u00e3o te preocupares mais com o transporte para o THE WEEKND.<\/p>\n<p><!--more--><\/p>\n<ul>\n<li>\n<h4>Data: 5 Setembro 2026<\/h4>\n<\/li>\n<li>\n<h4>Local : Est\u00e1dio do Restelo (<a href=\"https:\/\/maps.app.goo.gl\/g7SHiTMPG2kFNS3m9\">mapa<\/a>)<\/h4>\n<\/li>\n<\/ul>\n<p><!--more--><\/p>\n<h3>SOBRE A VIAGEM \ud83d\ude8c<\/h3>\n<h3>A reserva s\u00f3 inclui a viagem de autocarro.<br \/>\nNo dia do concerto a viagem \u00e9 direta, com uma breve paragem de 45 minutos na \u00e1rea de servi\u00e7o da Mealhada para idas \u00e1 casa de banho e hor\u00e1rio obrigat\u00f3rios dos motoristas.<br \/>\nChegada prevista entre 14h\/15h.<br \/>\nTodos podem deixar os vossos pertences no autocarro mas durante o dia o autocarro fica fechado para descanso dos motoristas.<\/h3>\n<h3>No final do concerto o autocarro estar\u00e1 no mesmo local onde vos deixa de tarde e o regresso \u00e9 no final do concerto.<br \/>\nS\u00f3 regressamos quando toda a gente se encontrar dentro do autocarro.<\/h3>\n<h4 class=\"has-text-align-center wp-block-post-title has-large-font-size\"><em>CONSULTAR TERMOS E CONDI\u00c7\u00d5ES \u2013 VIAGENSTAIPAS LDA (<\/em><a href=\"https:\/\/viagenstaipas.com\/?page_id=3\" target=\"_blank\" rel=\"noopener\">LER<\/a>)<\/h4>\n","protected":false},"excerpt":{"rendered":"<h6><\/h6>\n","protected":false},"featured_media":1080,"template":"","meta":[],"product_brand":[],"product_cat":[44],"product_tag":[40],"class_list":{"0":"post-1243","1":"product","2":"type-product","3":"status-publish","4":"has-post-thumbnail","6":"product_cat-concerto-the-weeknd","7":"product_tag-bilhetes-ida-e-volta","9":"first","10":"instock","11":"shipping-taxable","12":"purchasable","13":"product-type-variable"},"_links":{"self":[{"href":"https:\/\/viagenstaipas.com\/index.php?rest_route=\/wp\/v2\/product\/1243","targetHints":{"allow":["GET"]}}],"collection":[{"href":"https:\/\/viagenstaipas.com\/index.php?rest_route=\/wp\/v2\/product"}],"about":[{"href":"https:\/\/viagenstaipas.com\/index.php?rest_route=\/wp\/v2\/types\/product"}],"wp:featuredmedia":[{"embeddable":true,"href":"https:\/\/viagenstaipas.com\/index.php?rest_route=\/wp\/v2\/media\/1080"}],"wp:attachment":[{"href":"https:\/\/viagenstaipas.com\/index.php?rest_route=%2Fwp%2Fv2%2Fmedia&parent=1243"}],"wp:term":[{"taxonomy":"product_brand","embeddable":true,"href":"https:\/\/viagenstaipas.com\/index.php?rest_route=%2Fwp%2Fv2%2Fproduct_brand&post=1243"},{"taxonomy":"product_cat","embeddable":true,"href":"https:\/\/viagenstaipas.com\/index.php?rest_route=%2Fwp%2Fv2%2Fproduct_cat&post=1243"},{"taxonomy":"product_tag","embeddable":true,"href":"https:\/\/viagenstaipas.com\/index.php?rest_route=%2Fwp%2Fv2%2Fproduct_tag&post=1243"}],"curies":[{"name":"wp","href":"https:\/\/api.w.org\/{rel}","templated":true}]}}